{"id":2,"date":"2025-05-19T12:19:44","date_gmt":"2025-05-19T12:19:44","guid":{"rendered":"https:\/\/amministratore.ch\/?page_id=2"},"modified":"2025-05-19T12:23:39","modified_gmt":"2025-05-19T12:23:39","slug":"sample-page","status":"publish","type":"page","link":"https:\/\/amministratore.ch\/?page_id=2","title":{"rendered":"Amministratore.ch"},"content":{"rendered":"\n<p>L&#8217;<strong>amministratore delegato<\/strong> (<strong>AD<\/strong>), anche <strong>consigliere delegato<\/strong> (<strong>CD<\/strong>), \u00e8 un componente del <a href=\"https:\/\/it.wikipedia.org\/wiki\/Consiglio_di_amministrazione\">consiglio di amministrazione<\/a> di una <a href=\"https:\/\/it.wikipedia.org\/wiki\/Societ%C3%A0_per_azioni\">societ\u00e0 per azioni<\/a>, <a href=\"https:\/\/it.wikipedia.org\/wiki\/Societ%C3%A0_di_persone\">societ\u00e0 di persone<\/a> o altra <a href=\"https:\/\/it.wikipedia.org\/wiki\/Azienda\">azienda<\/a> organizzata in modo analogo, a cui sono stati conferiti dal consiglio stesso ampi poteri decisionali sulle azioni e sulla struttura dell&#8217;attivit\u00e0 aziendale, e che svolge un ruolo di preminenza al suo interno.<\/p>\n\n\n\n<blockquote class=\"wp-block-quote is-layout-flow wp-block-quote-is-layout-flow\">\n<p><\/p>\n<\/blockquote>\n\n\n\n<p><\/p>\n\n\n\n<blockquote class=\"wp-block-quote is-layout-flow wp-block-quote-is-layout-flow\">\n<p><\/p>\n<\/blockquote>\n\n\n\n<p><\/p>\n","protected":false},"excerpt":{"rendered":"<p>L&#8217;amministratore delegato (AD), anche consigliere delegato (CD), \u00e8 un componente del consiglio di amministrazione di una societ\u00e0 per azioni, societ\u00e0 di persone o altra azienda organizzata in modo analogo, a cui sono stati conferiti dal consiglio stesso ampi poteri decisionali sulle azioni e sulla struttura dell&#8217;attivit\u00e0 aziendale, e che svolge un ruolo di preminenza al [&hellip;]<\/p>\n","protected":false},"author":1,"featured_media":0,"parent":0,"menu_order":0,"comment_status":"closed","ping_status":"open","template":"","meta":{"footnotes":""},"class_list":["post-2","page","type-page","status-publish","hentry"],"_links":{"self":[{"href":"https:\/\/amministratore.ch\/index.php?rest_route=\/wp\/v2\/pages\/2","targetHints":{"allow":["GET"]}}],"collection":[{"href":"https:\/\/amministratore.ch\/index.php?rest_route=\/wp\/v2\/pages"}],"about":[{"href":"https:\/\/amministratore.ch\/index.php?rest_route=\/wp\/v2\/types\/page"}],"author":[{"embeddable":true,"href":"https:\/\/amministratore.ch\/index.php?rest_route=\/wp\/v2\/users\/1"}],"replies":[{"embeddable":true,"href":"https:\/\/amministratore.ch\/index.php?rest_route=%2Fwp%2Fv2%2Fcomments&post=2"}],"version-history":[{"count":1,"href":"https:\/\/amministratore.ch\/index.php?rest_route=\/wp\/v2\/pages\/2\/revisions"}],"predecessor-version":[{"id":8,"href":"https:\/\/amministratore.ch\/index.php?rest_route=\/wp\/v2\/pages\/2\/revisions\/8"}],"wp:attachment":[{"href":"https:\/\/amministratore.ch\/index.php?rest_route=%2Fwp%2Fv2%2Fmedia&parent=2"}],"curies":[{"name":"wp","href":"https:\/\/api.w.org\/{rel}","templated":true}]}}